{"id":87,"date":"2019-11-07T22:37:22","date_gmt":"2019-11-07T22:37:22","guid":{"rendered":"https:\/\/gdsis.cl\/capacitacion\/?page_id=87"},"modified":"2021-06-03T21:37:36","modified_gmt":"2021-06-03T21:37:36","slug":"powerbi","status":"publish","type":"page","link":"https:\/\/www.gdsis.cl\/capacitacion\/powerbi\/","title":{"rendered":"Power BI"},"content":{"rendered":"<p>[et_pb_section fb_built=\u00bb1&#8243; admin_label=\u00bbHero\u00bb _builder_version=\u00bb3.29.3&#8243; custom_margin=\u00bb0px||0px||false|false\u00bb custom_padding=\u00bb0px|0px|0px|0px||\u00bb fb_built=\u00bb1&#8243; _i=\u00bb0&#8243; _address=\u00bb0&#8243;][et_pb_row column_structure=\u00bb1_2,1_2&#8243; use_custom_gutter=\u00bbon\u00bb gutter_width=\u00bb1&#8243; make_equal=\u00bbon\u00bb module_class=\u00bb et_pb_row_fullwidth\u00bb _builder_version=\u00bb3.29.3&#8243; background_color=\u00bb#F3C900&#8243; background_image=\u00bbhttps:\/\/gdsis.cl\/capacitacion\/wp-content\/uploads\/2019\/10\/background-texture.jpg\u00bb background_blend=\u00bbmultiply\u00bb width=\u00bb100%\u00bb width_tablet=\u00bb100%\u00bb width_last_edited=\u00bbon|desktop\u00bb max_width=\u00bb100%\u00bb max_width_tablet=\u00bb100%\u00bb max_width_last_edited=\u00bbon|desktop\u00bb custom_padding=\u00bb0px||0px|||\u00bb animation_direction=\u00bbtop\u00bb link_option_url_new_window=\u00bbon\u00bb make_fullwidth=\u00bbon\u00bb _i=\u00bb0&#8243; _address=\u00bb0.0&#8243;][et_pb_column type=\u00bb1_2&#8243; _builder_version=\u00bb3.29.3&#8243; background_color=\u00bbrgba(0,0,0,0)\u00bb custom_padding=\u00bb5%|5%|6%|5%|false|false\u00bb padding_bottom=\u00bb10%\u00bb padding_left=\u00bb8%\u00bb padding_right=\u00bb8%\u00bb padding_top=\u00bb10%\u00bb _i=\u00bb0&#8243; _address=\u00bb0.0.0&#8243; custom_padding__hover=\u00bb|||\u00bb][et_pb_image src=\u00bbhttps:\/\/www.gdsis.cl\/capacitacion\/wp-content\/uploads\/2019\/11\/Power-BI.fw_-150&#215;150.png\u00bb align=\u00bbcenter\u00bb _builder_version=\u00bb3.29.3&#8243; custom_margin=\u00bb-4px|||||\u00bb custom_padding=\u00bb10px||28px|||\u00bb animation_style=\u00bbfade\u00bb _i=\u00bb0&#8243; _address=\u00bb0.0.0.0&#8243;][\/et_pb_image][et_pb_text _builder_version=\u00bb3.29.3&#8243; text_font=\u00bbMontserrat|700|||||||\u00bb text_text_color=\u00bb#000000&#8243; text_font_size=\u00bb55px\u00bb min_height=\u00bb43px\u00bb custom_margin=\u00bb8px||12px|||\u00bb custom_padding=\u00bb0px||0px|||\u00bb animation_style=\u00bbfade\u00bb _i=\u00bb1&#8243; _address=\u00bb0.0.0.1&#8243;]<\/p>\n<p style=\"text-align: center;\"><span style=\"color: #000000;\">Power BI<\/span><\/p>\n<p>[\/et_pb_text][et_pb_text _builder_version=\u00bb3.29.3&#8243; text_font=\u00bbArial||||||||\u00bb text_text_color=\u00bb#000000&#8243; text_font_size=\u00bb18px\u00bb custom_padding=\u00bb||24px|||\u00bb animation_style=\u00bbfade\u00bb _i=\u00bb2&#8243; _address=\u00bb0.0.0.2&#8243;]<\/p>\n<p style=\"text-align: center;\">\u00abConvierte tus datos en informacion de valor\u00bb<\/p>\n<p>[\/et_pb_text][et_pb_button button_url=\u00bbhttps:\/\/www.gdsis.cl\/capacitacion\/contacto\/\u00bb url_new_window=\u00bbon\u00bb button_text=\u00bbM\u00e1s Informaci\u00f3n\u00bb button_alignment=\u00bbcenter\u00bb _builder_version=\u00bb3.29.3&#8243; custom_button=\u00bbon\u00bb button_text_size=\u00bb18px\u00bb button_text_color=\u00bb#000000&#8243; button_border_width=\u00bb4px\u00bb button_border_color=\u00bb#000000&#8243; button_border_radius=\u00bb30px\u00bb button_font=\u00bbArial|||on|||||\u00bb button_icon=\u00bb%%24%%\u00bb button_icon_color=\u00bb#000000&#8243; background_layout=\u00bbdark\u00bb animation_style=\u00bbfade\u00bb button_bg_enable_color=\u00bboff\u00bb _i=\u00bb3&#8243; _address=\u00bb0.0.0.3&#8243; button_bg_color__hover_enabled=\u00bbon|hover\u00bb][\/et_pb_button][\/et_pb_column][et_pb_column type=\u00bb1_2&#8243; _builder_version=\u00bb3.29.3&#8243; background_image=\u00bbhttps:\/\/www.gdsis.cl\/capacitacion\/wp-content\/uploads\/2019\/11\/shutterstock_530119261-scaled.jpg\u00bb custom_padding=\u00bb|||\u00bb background_last_edited=\u00bbon|desktop\u00bb background_enable_image_tablet=\u00bboff\u00bb bg_img=\u00bbhttps:\/\/gdsis.cl\/capacitacion\/wp-content\/uploads\/2019\/10\/Grupo-GDSIS-41.jpg\u00bb _i=\u00bb1&#8243; _address=\u00bb0.0.1&#8243; custom_padding__hover=\u00bb|||\u00bb][\/et_pb_column][\/et_pb_row][\/et_pb_section][et_pb_section fb_built=\u00bb1&#8243; fullwidth=\u00bbon\u00bb _builder_version=\u00bb3.29.3&#8243; background_color=\u00bb#dddddd\u00bb custom_margin=\u00bb0px||||false|false\u00bb animation_style=\u00bbflip\u00bb fb_built=\u00bb1&#8243; _i=\u00bb1&#8243; _address=\u00bb1&#8243;][et_pb_fullwidth_header title=\u00bbCapac\u00edtate para aumentar tus competencias y oportunidades con Power BI\u00bb _builder_version=\u00bb3.29.3&#8243; title_font=\u00bbArial|700|||||||\u00bb title_text_align=\u00bbcenter\u00bb title_text_color=\u00bb#000000&#8243; title_font_size=\u00bb26px\u00bb background_enable_color=\u00bboff\u00bb background_layout=\u00bblight\u00bb custom_margin=\u00bb||7px|||\u00bb custom_padding=\u00bb9px||0px|||\u00bb _i=\u00bb0&#8243; _address=\u00bb1.0&#8243;][\/et_pb_fullwidth_header][\/et_pb_section][et_pb_section fb_built=\u00bb1&#8243; _builder_version=\u00bb3.29.3&#8243; custom_padding=\u00bb3px||8px|||\u00bb fb_built=\u00bb1&#8243; _i=\u00bb2&#8243; _address=\u00bb2&#8243;][et_pb_row _builder_version=\u00bb3.29.3&#8243; custom_margin=\u00bb8px|auto||auto||\u00bb custom_padding=\u00bb20px||19px|||\u00bb _i=\u00bb0&#8243; _address=\u00bb2.0&#8243;][et_pb_column type=\u00bb4_4&#8243; _builder_version=\u00bb3.29.3&#8243; _i=\u00bb0&#8243; _address=\u00bb2.0.0&#8243;][et_pb_text _builder_version=\u00bb3.29.3&#8243; text_font=\u00bbArial|700|||||||\u00bb text_text_color=\u00bb#000000&#8243; text_font_size=\u00bb32px\u00bb text_line_height=\u00bb1.8em\u00bb text_orientation=\u00bbcenter\u00bb custom_margin=\u00bb||-5px|||\u00bb _i=\u00bb0&#8243; _address=\u00bb2.0.0.0&#8243;]<\/p>\n<p style=\"text-align: center;\"><strong>Conoce Nuestros Cursos<\/strong><\/p>\n<p>[\/et_pb_text][\/et_pb_column][\/et_pb_row][et_pb_row column_structure=\u00bb1_2,1_2&#8243; _builder_version=\u00bb3.29.3&#8243; width=\u00bb50%\u00bb width_tablet=\u00bb80%\u00bb width_last_edited=\u00bbon|desktop\u00bb module_alignment=\u00bbcenter\u00bb min_height=\u00bb89px\u00bb custom_padding=\u00bb||15px|||\u00bb _i=\u00bb1&#8243; _address=\u00bb2.1&#8243;][et_pb_column type=\u00bb1_2&#8243; _builder_version=\u00bb3.29.3&#8243; _i=\u00bb0&#8243; _address=\u00bb2.1.0&#8243;][et_pb_text _builder_version=\u00bb3.29.3&#8243; text_font=\u00bbArial|700|||||||\u00bb text_text_color=\u00bb#000000&#8243; text_font_size=\u00bb18px\u00bb custom_margin=\u00bb||20px|||\u00bb _i=\u00bb0&#8243; _address=\u00bb2.1.0.0&#8243;]<\/p>\n<p style=\"text-align: center;\"><span><strong>Dise\u00f1o y Desarrollo de Informes y\u00a0<\/strong><\/span><span><strong>Paneles con Power BI<\/strong><\/span><\/p>\n<p>[\/et_pb_text][et_pb_image src=\u00bbhttps:\/\/gdsis.cl\/capacitacion\/wp-content\/uploads\/2019\/11\/00002.jpg\u00bb _builder_version=\u00bb3.29.3&#8243; width=\u00bb45%\u00bb module_alignment=\u00bbcenter\u00bb custom_margin=\u00bb-4px|||||\u00bb _i=\u00bb1&#8243; _address=\u00bb2.1.0.1&#8243;][\/et_pb_image][et_pb_text _builder_version=\u00bb3.29.3&#8243; text_font=\u00bbArial||||||||\u00bb text_text_color=\u00bb#000000&#8243; text_font_size=\u00bb16px\u00bb _i=\u00bb2&#8243; _address=\u00bb2.1.0.2&#8243;]<\/p>\n<p style=\"text-align: justify;\"><span>Experimentar\u00e1s el proceso de creaci\u00f3n de un informe con Power BI, desde la obtenci\u00f3n, transformaci\u00f3n y modelado de datos hasta la publicaci\u00f3n colaborativa de informes y paneles con otros usuarios de tu organizaci\u00f3n.<\/span><\/p>\n<p>[\/et_pb_text][\/et_pb_column][et_pb_column type=\u00bb1_2&#8243; _builder_version=\u00bb3.29.3&#8243; _i=\u00bb1&#8243; _address=\u00bb2.1.1&#8243;][et_pb_text _builder_version=\u00bb3.29.3&#8243; text_font=\u00bbArial||||||||\u00bb text_text_color=\u00bb#000000&#8243; text_font_size=\u00bb18px\u00bb custom_margin=\u00bb||7px|||\u00bb hover_enabled=\u00bb0&#8243; _i=\u00bb0&#8243; _address=\u00bb2.1.1.0&#8243;]<\/p>\n<p style=\"text-align: center;\"><b>Power BI<br \/>Nivel Avanzado<\/b><\/p>\n<p>[\/et_pb_text][et_pb_image src=\u00bbhttps:\/\/www.gdsis.cl\/capacitacion\/wp-content\/uploads\/2021\/06\/00003-300&#215;297.jpg\u00bb _builder_version=\u00bb3.29.3&#8243; width=\u00bb45%\u00bb module_alignment=\u00bbcenter\u00bb custom_margin=\u00bb15px|||||\u00bb hover_enabled=\u00bb0&#8243; _i=\u00bb1&#8243; _address=\u00bb2.1.1.1&#8243;][\/et_pb_image][et_pb_text _builder_version=\u00bb3.29.3&#8243; text_font=\u00bbArial||||||||\u00bb text_text_color=\u00bb#000000&#8243; text_font_size=\u00bb16px\u00bb hover_enabled=\u00bb0&#8243; _i=\u00bb2&#8243; _address=\u00bb2.1.1.2&#8243;]<\/p>\n<p style=\"text-align: justify;\">Aprender\u00e1s a crear Informes utilizando elementos avanzados de\u00a0visualizaci\u00f3n y profundizando en el uso de DAX. Te conectar\u00e1s a\u00a0diferentes or\u00edgenes de datos incorpor\u00e1ndolos al proceso de\u00a0modelado. Incluir\u00e1s funcionalidades de seguridad de acceso a los\u00a0datos a trav\u00e9s de perfilamiento RLS.<\/p>\n<p>[\/et_pb_text][\/et_pb_column][\/et_pb_row][et_pb_row _builder_version=\u00bb3.29.3&#8243; _i=\u00bb2&#8243; _address=\u00bb2.2&#8243;][et_pb_column type=\u00bb4_4&#8243; _builder_version=\u00bb3.29.3&#8243; _i=\u00bb0&#8243; _address=\u00bb2.2.0&#8243;][et_pb_button button_url=\u00bbhttps:\/\/www.gdsis.cl\/capacitacion\/contacto\/\u00bb url_new_window=\u00bbon\u00bb button_text=\u00bbM\u00e1s Informaci\u00f3n\u00bb button_alignment=\u00bbcenter\u00bb _builder_version=\u00bb3.29.3&#8243; custom_button=\u00bbon\u00bb button_text_size=\u00bb18px\u00bb button_text_color=\u00bb#000000&#8243; button_border_width=\u00bb4px\u00bb button_border_color=\u00bb#000000&#8243; button_border_radius=\u00bb30px\u00bb button_font=\u00bbArial|||on|||||\u00bb button_icon=\u00bb%%24%%\u00bb button_icon_color=\u00bb#000000&#8243; background_layout=\u00bbdark\u00bb button_bg_enable_color=\u00bboff\u00bb _i=\u00bb0&#8243; _address=\u00bb2.2.0.0&#8243; button_bg_color__hover_enabled=\u00bbon|hover\u00bb][\/et_pb_button][\/et_pb_column][\/et_pb_row][\/et_pb_section][et_pb_section fb_built=\u00bb1&#8243; fullwidth=\u00bbon\u00bb _builder_version=\u00bb3.29.3&#8243; animation_style=\u00bbflip\u00bb fb_built=\u00bb1&#8243; _i=\u00bb3&#8243; _address=\u00bb3&#8243;][et_pb_fullwidth_header title=\u00bbDa el salto al an\u00e1lisis de datos desde Excel hacia Power BI\u00bb _builder_version=\u00bb3.29.3&#8243; title_font=\u00bbArial|700|||||||\u00bb title_text_align=\u00bbcenter\u00bb title_text_color=\u00bb#000000&#8243; title_font_size=\u00bb26px\u00bb background_color=\u00bb#dddddd\u00bb custom_padding=\u00bb10px||0px|||\u00bb _i=\u00bb0&#8243; _address=\u00bb3.0&#8243;][\/et_pb_fullwidth_header][\/et_pb_section][et_pb_section fb_built=\u00bb1&#8243; specialty=\u00bbon\u00bb disabled_on=\u00bboff|off|off\u00bb _builder_version=\u00bb3.29.3&#8243; background_enable_color=\u00bboff\u00bb background_enable_image=\u00bboff\u00bb inner_module_alignment=\u00bbcenter\u00bb custom_padding=\u00bb10px||0px||false|false\u00bb fb_built=\u00bb1&#8243; _i=\u00bb4&#8243; _address=\u00bb4&#8243;][et_pb_column type=\u00bb1_2&#8243; specialty_columns=\u00bb2&#8243; _builder_version=\u00bb3.25&#8243; custom_padding=\u00bb|||\u00bb _i=\u00bb0&#8243; _address=\u00bb4.0&#8243; custom_padding__hover=\u00bb|||\u00bb][et_pb_row_inner _builder_version=\u00bb3.29.3&#8243; custom_padding=\u00bb48px|||||\u00bb animation_style=\u00bbzoom\u00bb _i=\u00bb0&#8243; _address=\u00bb4.0.0&#8243;][et_pb_column_inner saved_specialty_column_type=\u00bb1_2&#8243; _builder_version=\u00bb3.29.3&#8243; _i=\u00bb0&#8243; _address=\u00bb4.0.0.0&#8243;][et_pb_text _builder_version=\u00bb3.29.3&#8243; text_font=\u00bbArial|700|||||||\u00bb text_text_color=\u00bb#000000&#8243; text_font_size=\u00bb32px\u00bb text_orientation=\u00bbjustified\u00bb custom_padding=\u00bb||0px|||\u00bb animation_style=\u00bbzoom\u00bb _i=\u00bb0&#8243; _address=\u00bb4.0.0.0.0&#8243;]<\/p>\n<p style=\"text-align: center;\"><strong><span style=\"color: #000000;\">\u00bfQu\u00e9 es Power BI?<\/span><\/strong><\/p>\n<p>[\/et_pb_text][\/et_pb_column_inner][\/et_pb_row_inner][et_pb_row_inner _builder_version=\u00bb3.29.3&#8243; animation_style=\u00bbzoom\u00bb _i=\u00bb1&#8243; _address=\u00bb4.0.1&#8243;][et_pb_column_inner saved_specialty_column_type=\u00bb1_2&#8243; _builder_version=\u00bb3.29.3&#8243; _i=\u00bb0&#8243; _address=\u00bb4.0.1.0&#8243;][et_pb_text _builder_version=\u00bb3.29.3&#8243; text_font=\u00bbArial||||||||\u00bb text_text_color=\u00bb#000000&#8243; text_font_size=\u00bb18px\u00bb text_orientation=\u00bbjustified\u00bb animation_style=\u00bbzoom\u00bb _i=\u00bb0&#8243; _address=\u00bb4.0.1.0.0&#8243;]<\/p>\n<p><span style=\"color: #000000;\"><\/span><\/p>\n<p><span style=\"color: #000000;\">Power BI pone a tu alcance un an\u00e1lisis y comprensi\u00f3n visual de grandes vol\u00famenes de datos, agilizando el proceso de toma de decisiones.<\/span><\/p>\n<p style=\"text-align: justify;\"><span style=\"color: #ffffff;\"><span style=\"color: #000000;\">Es una plataforma de inteligencia de negocio que permite analizar datos y compartir informaci\u00f3n de forma sencilla, dando seguimiento a los principales indicadores que aportan al \u00e9xito de t\u00fa negocio.<\/span><\/span><\/p>\n<p>[\/et_pb_text][\/et_pb_column_inner][\/et_pb_row_inner][\/et_pb_column][et_pb_column type=\u00bb1_2&#8243; _builder_version=\u00bb3.25&#8243; custom_padding=\u00bb|||\u00bb _i=\u00bb1&#8243; _address=\u00bb4.1&#8243; custom_padding__hover=\u00bb|||\u00bb][et_pb_image src=\u00bbhttps:\/\/gdsis.cl\/capacitacion\/wp-content\/uploads\/2019\/11\/PowerBI-animacion1.gif\u00bb align=\u00bbcenter\u00bb _builder_version=\u00bb3.29.3&#8243; animation_style=\u00bbzoom\u00bb _i=\u00bb0&#8243; _address=\u00bb4.1.0&#8243;][\/et_pb_image][\/et_pb_column][\/et_pb_section][et_pb_section fb_built=\u00bb1&#8243; _builder_version=\u00bb3.29.3&#8243; custom_padding=\u00bb5px||0px|||\u00bb fb_built=\u00bb1&#8243; _i=\u00bb5&#8243; _address=\u00bb5&#8243;][et_pb_row _builder_version=\u00bb3.29.3&#8243; _i=\u00bb0&#8243; _address=\u00bb5.0&#8243;][et_pb_column type=\u00bb4_4&#8243; _builder_version=\u00bb3.29.3&#8243; _i=\u00bb0&#8243; _address=\u00bb5.0.0&#8243;][et_pb_button button_url=\u00bbhttps:\/\/www.gdsis.cl\/capacitacion\/contacto\/\u00bb url_new_window=\u00bbon\u00bb button_text=\u00bbM\u00e1s Informaci\u00f3n\u00bb button_alignment=\u00bbcenter\u00bb _builder_version=\u00bb3.29.3&#8243; custom_button=\u00bbon\u00bb button_text_size=\u00bb18px\u00bb button_text_color=\u00bb#000000&#8243; button_border_width=\u00bb4px\u00bb button_border_color=\u00bb#000000&#8243; button_border_radius=\u00bb30px\u00bb button_font=\u00bbArial|||on|||||\u00bb button_icon=\u00bb%%24%%\u00bb button_icon_color=\u00bb#000000&#8243; background_layout=\u00bbdark\u00bb button_bg_enable_color=\u00bboff\u00bb _i=\u00bb0&#8243; _address=\u00bb5.0.0.0&#8243; button_bg_color__hover_enabled=\u00bbon|hover\u00bb][\/et_pb_button][\/et_pb_column][\/et_pb_row][\/et_pb_section][et_pb_section fb_built=\u00bb1&#8243; fullwidth=\u00bbon\u00bb _builder_version=\u00bb3.29.3&#8243; fb_built=\u00bb1&#8243; _i=\u00bb6&#8243; _address=\u00bb6&#8243;][et_pb_fullwidth_header title=\u00bbNuestro valor agregado esta en un conocimiento  experto\u00bb _builder_version=\u00bb3.29.3&#8243; title_font=\u00bbArial|700|||||||\u00bb title_text_align=\u00bbcenter\u00bb title_text_color=\u00bb#000000&#8243; title_font_size=\u00bb26px\u00bb background_color=\u00bb#dddddd\u00bb custom_padding=\u00bb13px||4px|||\u00bb _i=\u00bb0&#8243; _address=\u00bb6.0&#8243;][\/et_pb_fullwidth_header][\/et_pb_section][et_pb_section fb_built=\u00bb1&#8243; _builder_version=\u00bb3.29.3&#8243; background_color=\u00bb#ffffff\u00bb custom_margin=\u00bb||-2px|||\u00bb custom_padding=\u00bb11px||69px|||\u00bb top_divider_color=\u00bb#000000&#8243; bottom_divider_style=\u00bbarrow3&#8243; bottom_divider_color=\u00bb#f2c100&#8243; fb_built=\u00bb1&#8243; background_color_gradient_start_preview=\u00bb#f3c900&#8243; _i=\u00bb7&#8243; _address=\u00bb7&#8243;][et_pb_row _builder_version=\u00bb3.29.3&#8243; custom_margin=\u00bb10px|auto||auto||\u00bb custom_padding=\u00bb30px|||||\u00bb border_color_top=\u00bb#F3C900&#8243; _i=\u00bb0&#8243; _address=\u00bb7.0&#8243;][et_pb_column type=\u00bb4_4&#8243; _builder_version=\u00bb3.29.3&#8243; _i=\u00bb0&#8243; _address=\u00bb7.0.0&#8243;][et_pb_text _builder_version=\u00bb3.29.3&#8243; text_font=\u00bbArial|700|||||||\u00bb text_text_color=\u00bb#000000&#8243; text_font_size=\u00bb32px\u00bb _i=\u00bb0&#8243; _address=\u00bb7.0.0.0&#8243;]<\/p>\n<p style=\"text-align: center;\"><strong>Testimonios<\/strong><\/p>\n<p>[\/et_pb_text][et_pb_text _builder_version=\u00bb3.29.3&#8243; text_font=\u00bbArial|700|||||||\u00bb text_text_color=\u00bb#000000&#8243; text_font_size=\u00bb16px\u00bb text_orientation=\u00bbcenter\u00bb _i=\u00bb1&#8243; _address=\u00bb7.0.0.1&#8243;]<\/p>\n<p><span>Ent\u00e9rate qu\u00e9 dicen nuestros clientes<\/span><\/p>\n<p>[\/et_pb_text][\/et_pb_column][\/et_pb_row][et_pb_row column_structure=\u00bb1_3,1_3,1_3&#8243; _builder_version=\u00bb3.29.3&#8243; width=\u00bb55%\u00bb custom_margin=\u00bb|auto|-85px|auto||\u00bb custom_padding=\u00bb||60px|||\u00bb _i=\u00bb1&#8243; _address=\u00bb7.1&#8243;][et_pb_column type=\u00bb1_3&#8243; _builder_version=\u00bb3.29.3&#8243; _i=\u00bb0&#8243; _address=\u00bb7.1.0&#8243;][et_pb_image src=\u00bbhttps:\/\/www.gdsis.cl\/capacitacion\/wp-content\/uploads\/2019\/11\/logo-PARKER-1-300&#215;115.png\u00bb align=\u00bbcenter\u00bb _builder_version=\u00bb3.29.3&#8243; _i=\u00bb0&#8243; _address=\u00bb7.1.0.0&#8243;][\/et_pb_image][et_pb_text _builder_version=\u00bb3.29.3&#8243; text_font=\u00bbArial|700|||||||\u00bb text_font_size=\u00bb12px\u00bb custom_margin=\u00bb||16px|||\u00bb _i=\u00bb1&#8243; _address=\u00bb7.1.0.1&#8243;]<\/p>\n<p style=\"text-align: justify;\"><span style=\"color: #000000;\">Excelente, la capacitaci\u00f3n era precisa de lo que necesit\u00e1bamos aprender de Power BI. Explicaciones claras y precisas, metodolog\u00eda acorde y un excelente dominio de informaci\u00f3n. Es un excelente lugar para desarrollar una capacitaci\u00f3n exitosa.<\/span><\/p>\n<p>[\/et_pb_text][et_pb_text _builder_version=\u00bb3.29.3&#8243; text_font=\u00bbArial|700||on|||||\u00bb text_text_color=\u00bb#000000&#8243; text_font_size=\u00bb12px\u00bb custom_padding=\u00bb7px|||||\u00bb _i=\u00bb2&#8243; _address=\u00bb7.1.0.2&#8243;]<\/p>\n<p style=\"text-align: center;\"><strong class=\"et_pb_testimonial_author et-fb-editable-element et-fb-editable-element et-fb-editable-element__editing\" data-shortcode-id=\"5.1.0.0-1574976727370\" data-quickaccess-id=\"author\" data-quickaccess-order=\"1\" contenteditable=\"true\"><span style=\"font-size: large;\">Italo Chang<\/span><\/strong><\/p>\n<p style=\"text-align: center;\">Analista Financiero<strong class=\"et_pb_testimonial_author et-fb-editable-element et-fb-editable-element et-fb-editable-element__editing\" data-shortcode-id=\"5.1.0.0-1574976727370\" data-quickaccess-id=\"author\" data-quickaccess-order=\"1\" contenteditable=\"true\"><\/strong><\/p>\n<p style=\"text-align: justify;\"><strong class=\"et_pb_testimonial_author et-fb-editable-element et-fb-editable-element et-fb-editable-element__editing\" data-shortcode-id=\"5.1.0.0-1574976727370\" data-quickaccess-id=\"author\" data-quickaccess-order=\"1\" contenteditable=\"true\"><\/strong><\/p>\n<p>[\/et_pb_text][\/et_pb_column][et_pb_column type=\u00bb1_3&#8243; _builder_version=\u00bb3.29.3&#8243; _i=\u00bb1&#8243; _address=\u00bb7.1.1&#8243;][et_pb_image src=\u00bbhttps:\/\/www.gdsis.cl\/capacitacion\/wp-content\/uploads\/2019\/11\/logo-GENESYS-1.png\u00bb align=\u00bbcenter\u00bb _builder_version=\u00bb3.29.3&#8243; custom_margin=\u00bb||20px|||\u00bb custom_padding=\u00bb10px|||||\u00bb _i=\u00bb0&#8243; _address=\u00bb7.1.1.0&#8243;][\/et_pb_image][et_pb_text _builder_version=\u00bb3.29.3&#8243; text_font=\u00bbArial|700|||||||\u00bb text_font_size=\u00bb12px\u00bb custom_margin=\u00bb3px||-3px|||\u00bb custom_padding=\u00bb||6px|||\u00bb _i=\u00bb1&#8243; _address=\u00bb7.1.1.1&#8243;]<\/p>\n<p style=\"text-align: justify;\"><span style=\"color: #000000;\">El contenido y temario es muy bueno en relaci\u00f3n con los otros del mercado. La modalidad de d\u00edas y horas de clases da mucha continuidad a lo que se est\u00e1 aprendiendo. Instructores con buena disposici\u00f3n a resolver dudas de alumnos. Experiencia positiva, contenido interesante y funcional.<\/span><\/p>\n<p>[\/et_pb_text][et_pb_text _builder_version=\u00bb3.29.3&#8243; text_font=\u00bbArial|700||on|||||\u00bb text_text_color=\u00bb#000000&#8243; text_font_size=\u00bb12px\u00bb custom_margin=\u00bb8px||-2px|||\u00bb custom_padding=\u00bb1px|||||\u00bb _i=\u00bb2&#8243; _address=\u00bb7.1.1.2&#8243;]<\/p>\n<p style=\"text-align: center;\"><strong class=\"et_pb_testimonial_author et-fb-editable-element et-fb-editable-element et-fb-editable-element__editing\" data-shortcode-id=\"5.1.0.0-1574976727370\" data-quickaccess-id=\"author\" data-quickaccess-order=\"1\" contenteditable=\"true\"><span size=\"4\" style=\"font-size: large;\">Doris MElla<\/span><\/strong><\/p>\n<p style=\"text-align: center;\">Gesti\u00f3n Operativa<strong class=\"et_pb_testimonial_author et-fb-editable-element et-fb-editable-element et-fb-editable-element__editing\" data-shortcode-id=\"5.1.0.0-1574976727370\" data-quickaccess-id=\"author\" data-quickaccess-order=\"1\" contenteditable=\"true\"><\/strong><\/p>\n<p style=\"text-align: justify;\"><strong class=\"et_pb_testimonial_author et-fb-editable-element et-fb-editable-element et-fb-editable-element__editing\" data-shortcode-id=\"5.1.0.0-1574976727370\" data-quickaccess-id=\"author\" data-quickaccess-order=\"1\" contenteditable=\"true\"><\/strong><\/p>\n<p>[\/et_pb_text][\/et_pb_column][et_pb_column type=\u00bb1_3&#8243; _builder_version=\u00bb3.29.3&#8243; _i=\u00bb2&#8243; _address=\u00bb7.1.2&#8243;][et_pb_image src=\u00bbhttps:\/\/www.gdsis.cl\/capacitacion\/wp-content\/uploads\/2019\/11\/astur-1.jpg\u00bb align=\u00bbcenter\u00bb _builder_version=\u00bb3.29.3&#8243; custom_margin=\u00bb||23px|||\u00bb custom_padding=\u00bb|11px|0px|11px||\u00bb _i=\u00bb0&#8243; _address=\u00bb7.1.2.0&#8243;][\/et_pb_image][et_pb_text _builder_version=\u00bb3.29.3&#8243; text_font=\u00bbArial|700|||||||\u00bb text_font_size=\u00bb12px\u00bb custom_margin=\u00bb3px||-3px|||\u00bb _i=\u00bb1&#8243; _address=\u00bb7.1.2.1&#8243;]<\/p>\n<p style=\"text-align: justify;\"><span style=\"color: #000000;\">Excelente experiencia, profesores con buen manejo de las herramientas expuestas, clases entretenidas con un buen ambiente de trabajo, c\u00f3modo y con lo necesario para facilitar el aprendizaje. Me ayudo a entender las nuevas tendencias en cuanto a inteligencia de negocio.<\/span><\/p>\n<p>[\/et_pb_text][et_pb_text _builder_version=\u00bb3.29.3&#8243; text_font=\u00bbArial|700||on|||||\u00bb text_text_color=\u00bb#000000&#8243; text_font_size=\u00bb12px\u00bb custom_margin=\u00bb8px|||||\u00bb custom_padding=\u00bb11px|||||\u00bb _i=\u00bb2&#8243; _address=\u00bb7.1.2.2&#8243;]<\/p>\n<p style=\"text-align: center;\"><strong class=\"et_pb_testimonial_author et-fb-editable-element et-fb-editable-element et-fb-editable-element__editing\" data-shortcode-id=\"5.1.0.0-1574976727370\" data-quickaccess-id=\"author\" data-quickaccess-order=\"1\" contenteditable=\"true\"><span size=\"4\" style=\"font-size: large;\">Sebasti\u00e1n beiza<\/span><\/strong><\/p>\n<p style=\"text-align: center;\">Jefe de control de gesti\u00f3n<strong class=\"et_pb_testimonial_author et-fb-editable-element et-fb-editable-element et-fb-editable-element__editing\" data-shortcode-id=\"5.1.0.0-1574976727370\" data-quickaccess-id=\"author\" data-quickaccess-order=\"1\" contenteditable=\"true\"><\/strong><\/p>\n<p style=\"text-align: justify;\"><strong class=\"et_pb_testimonial_author et-fb-editable-element et-fb-editable-element et-fb-editable-element__editing\" data-shortcode-id=\"5.1.0.0-1574976727370\" data-quickaccess-id=\"author\" data-quickaccess-order=\"1\" contenteditable=\"true\"><\/strong><\/p>\n<p>[\/et_pb_text][\/et_pb_column][\/et_pb_row][\/et_pb_section]<\/p>\n","protected":false},"excerpt":{"rendered":"<p>Power BI\u00bbConvierte tus datos en informacion de valor\u00bbConoce Nuestros CursosDise\u00f1o y Desarrollo de Informes y\u00a0Paneles con Power BIExperimentar\u00e1s el proceso de creaci\u00f3n de un informe con Power BI, desde la obtenci\u00f3n, transformaci\u00f3n y modelado de datos hasta la publicaci\u00f3n colaborativa de informes y paneles con otros usuarios de tu organizaci\u00f3n.Power BINivel Avanzado Aprender\u00e1s a crear [&hellip;]<\/p>\n","protected":false},"author":1,"featured_media":0,"parent":0,"menu_order":0,"comment_status":"closed","ping_status":"closed","template":"","meta":{"_et_pb_use_builder":"on","_et_pb_old_content":"","_et_gb_content_width":""},"_links":{"self":[{"href":"https:\/\/www.gdsis.cl\/capacitacion\/wp-json\/wp\/v2\/pages\/87"}],"collection":[{"href":"https:\/\/www.gdsis.cl\/capacitacion\/wp-json\/wp\/v2\/pages"}],"about":[{"href":"https:\/\/www.gdsis.cl\/capacitacion\/wp-json\/wp\/v2\/types\/page"}],"author":[{"embeddable":true,"href":"https:\/\/www.gdsis.cl\/capacitacion\/wp-json\/wp\/v2\/users\/1"}],"replies":[{"embeddable":true,"href":"https:\/\/www.gdsis.cl\/capacitacion\/wp-json\/wp\/v2\/comments?post=87"}],"version-history":[{"count":16,"href":"https:\/\/www.gdsis.cl\/capacitacion\/wp-json\/wp\/v2\/pages\/87\/revisions"}],"predecessor-version":[{"id":1275,"href":"https:\/\/www.gdsis.cl\/capacitacion\/wp-json\/wp\/v2\/pages\/87\/revisions\/1275"}],"wp:attachment":[{"href":"https:\/\/www.gdsis.cl\/capacitacion\/wp-json\/wp\/v2\/media?parent=87"}],"curies":[{"name":"wp","href":"https:\/\/api.w.org\/{rel}","templated":true}]}}