{"id":1164,"date":"2020-07-16T22:05:54","date_gmt":"2020-07-16T22:05:54","guid":{"rendered":"https:\/\/www.gdsis.cl\/capacitacion\/?page_id=1164"},"modified":"2021-08-13T19:44:18","modified_gmt":"2021-08-13T19:44:18","slug":"qliksense-online","status":"publish","type":"page","link":"https:\/\/www.gdsis.cl\/capacitacion\/qliksense-online\/","title":{"rendered":"Cursos Online Qlik Sense"},"content":{"rendered":"<p>[et_pb_section fb_built=\u00bb1&#8243; _builder_version=\u00bb3.29.3&#8243; custom_margin=\u00bb||0px||false|false\u00bb custom_padding=\u00bb||0px||false|false\u00bb global_colors_info=\u00bb{}\u00bb][et_pb_row _builder_version=\u00bb3.29.3&#8243; custom_margin=\u00bb||0px||false|false\u00bb custom_padding=\u00bb0px||0px||false|false\u00bb global_colors_info=\u00bb{}\u00bb][et_pb_column type=\u00bb4_4&#8243; _builder_version=\u00bb3.29.3&#8243; global_colors_info=\u00bb{}\u00bb][et_pb_text _builder_version=\u00bb3.29.3&#8243; text_font=\u00bbArial|700||on|||||\u00bb text_text_color=\u00bb#000000&#8243; text_font_size=\u00bb39px\u00bb text_line_height=\u00bb1.8em\u00bb text_orientation=\u00bbcenter\u00bb custom_margin=\u00bb||0px||false|false\u00bb custom_padding=\u00bb||0px||false|false\u00bb global_colors_info=\u00bb{}\u00bb]Cursos Qlik Sense[\/et_pb_text][\/et_pb_column][\/et_pb_row][et_pb_row _builder_version=\u00bb3.29.3&#8243; custom_margin=\u00bb||||false|false\u00bb custom_padding=\u00bb0px||||false|false\u00bb global_colors_info=\u00bb{}\u00bb][et_pb_column type=\u00bb4_4&#8243; _builder_version=\u00bb3.29.3&#8243; global_colors_info=\u00bb{}\u00bb][et_pb_text _builder_version=\u00bb3.29.3&#8243; text_font=\u00bbArial|700|||||||\u00bb text_text_color=\u00bb#000000&#8243; text_font_size=\u00bb22px\u00bb text_orientation=\u00bbcenter\u00bb custom_margin=\u00bb||10px||false|false\u00bb custom_padding=\u00bb||10px||false|false\u00bb global_colors_info=\u00bb{}\u00bb]Modalidad Online[\/et_pb_text][et_pb_button button_url=\u00bb#contacto\u00bb button_text=\u00bbSolicita Demostraci\u00f3n Gratuita\u00bb button_alignment=\u00bbcenter\u00bb _builder_version=\u00bb3.29.3&#8243; custom_button=\u00bbon\u00bb button_text_size=\u00bb18px\u00bb button_text_color=\u00bb#ffffff\u00bb button_bg_color=\u00bb#000000&#8243; button_border_width=\u00bb2px\u00bb button_border_radius=\u00bb40px\u00bb button_font=\u00bbArial||||||||\u00bb button_icon=\u00bb%%24%%\u00bb global_colors_info=\u00bb{}\u00bb][\/et_pb_button][\/et_pb_column][\/et_pb_row][\/et_pb_section][et_pb_section fb_built=\u00bb1&#8243; _builder_version=\u00bb3.29.3&#8243; width=\u00bb80%\u00bb module_alignment=\u00bbcenter\u00bb custom_margin=\u00bb0px||0px||false|false\u00bb custom_padding=\u00bb0px||0px||false|false\u00bb global_colors_info=\u00bb{}\u00bb][et_pb_row column_structure=\u00bb1_3,1_3,1_3&#8243; _builder_version=\u00bb3.29.3&#8243; width=\u00bb100%\u00bb max_width=\u00bb2560px\u00bb module_alignment=\u00bbcenter\u00bb global_colors_info=\u00bb{}\u00bb][et_pb_column type=\u00bb1_3&#8243; _builder_version=\u00bb3.29.3&#8243; custom_padding=\u00bb20px|20px|20px|20px|false|false\u00bb border_radii=\u00bbon|40px|40px|40px|40px\u00bb box_shadow_style=\u00bbpreset1&#8243; global_colors_info=\u00bb{}\u00bb][et_pb_text _builder_version=\u00bb3.29.3&#8243; text_font=\u00bbArial|700|||||||\u00bb text_text_color=\u00bb#000000&#8243; text_font_size=\u00bb20px\u00bb text_orientation=\u00bbcenter\u00bb global_colors_info=\u00bb{}\u00bb]Plataforma de video conferencia<br \/>\ncon relator en vivo[\/et_pb_text][et_pb_image src=\u00bbhttps:\/\/www.gdsis.cl\/capacitacion\/wp-content\/uploads\/2020\/08\/PAG-SENSE.jpg\u00bb align=\u00bbcenter\u00bb _builder_version=\u00bb3.29.3&#8243; custom_margin=\u00bb|0px||0px|false|false\u00bb custom_padding=\u00bb||||false|false\u00bb global_colors_info=\u00bb{}\u00bb][\/et_pb_image][et_pb_text _builder_version=\u00bb3.29.3&#8243; text_font=\u00bbArial||||||||\u00bb text_text_color=\u00bb#000000&#8243; text_orientation=\u00bbjustified\u00bb global_colors_info=\u00bb{}\u00bb]Interaccion directa con relator por chat, microfono y\/o video. Ademas de contar con herramienta de dibujo, pantalla compartida y APP movil.[\/et_pb_text][\/et_pb_column][et_pb_column type=\u00bb1_3&#8243; _builder_version=\u00bb3.29.3&#8243; custom_padding=\u00bb20px|20px|20px|20px|false|false\u00bb border_radii=\u00bbon|40px|40px|40px|40px\u00bb box_shadow_style=\u00bbpreset1&#8243; global_colors_info=\u00bb{}\u00bb][et_pb_text _builder_version=\u00bb3.29.3&#8243; text_font=\u00bbArial|700|||||||\u00bb text_text_color=\u00bb#000000&#8243; text_font_size=\u00bb20px\u00bb text_orientation=\u00bbcenter\u00bb global_colors_info=\u00bb{}\u00bb]Plataforma de Aprendizaje<br \/>\nen linea[\/et_pb_text][et_pb_image src=\u00bbhttps:\/\/www.gdsis.cl\/capacitacion\/wp-content\/uploads\/2020\/07\/11.jpg\u00bb _builder_version=\u00bb3.29.3&#8243; custom_margin=\u00bb0px|0px||0px|false|false\u00bb custom_padding=\u00bb0px|0px||0px|false|false\u00bb global_colors_info=\u00bb{}\u00bb][\/et_pb_image][et_pb_text _builder_version=\u00bb3.29.3&#8243; text_font=\u00bbArial||||||||\u00bb text_text_color=\u00bb#000000&#8243; text_orientation=\u00bbjustified\u00bb global_colors_info=\u00bb{}\u00bb]Acceso web al material de apoyo al curso: guias de estudio, actividades interactivas y archivos para la practica.[\/et_pb_text][\/et_pb_column][et_pb_column type=\u00bb1_3&#8243; _builder_version=\u00bb3.29.3&#8243; custom_padding=\u00bb20px|20px|20px|20px|false|false\u00bb border_radii=\u00bbon|40px|40px|40px|40px\u00bb box_shadow_style=\u00bbpreset1&#8243; global_colors_info=\u00bb{}\u00bb][et_pb_text _builder_version=\u00bb3.29.3&#8243; text_font=\u00bbArial|700|||||||\u00bb text_text_color=\u00bb#000000&#8243; text_font_size=\u00bb20px\u00bb text_orientation=\u00bbcenter\u00bb global_colors_info=\u00bb{}\u00bb]Asistentes y Soporte Tecnico<br \/>\nde Apoyo[\/et_pb_text][et_pb_image src=\u00bbhttps:\/\/www.gdsis.cl\/capacitacion\/wp-content\/uploads\/2020\/06\/Pag-5.jpg\u00bb _builder_version=\u00bb3.29.3&#8243; custom_margin=\u00bb|||0px|false|false\u00bb global_colors_info=\u00bb{}\u00bb][\/et_pb_image][et_pb_text _builder_version=\u00bb3.29.3&#8243; text_font=\u00bbArial||||||||\u00bb text_text_color=\u00bb#000000&#8243; text_orientation=\u00bbjustified\u00bb global_colors_info=\u00bb{}\u00bb]Equipo que soluciona problemas tecnicos para realizar la clase de manera correcta. Encargado del chat y mediador entre alumnos y relator.&nbsp;[\/et_pb_text][\/et_pb_column][\/et_pb_row][\/et_pb_section][et_pb_section fb_built=\u00bb1&#8243; _builder_version=\u00bb3.29.3&#8243; background_color=\u00bb#ebebeb\u00bb custom_padding=\u00bb0px||0px||false|false\u00bb global_colors_info=\u00bb{}\u00bb][et_pb_row _builder_version=\u00bb3.29.3&#8243; global_colors_info=\u00bb{}\u00bb][et_pb_column type=\u00bb4_4&#8243; _builder_version=\u00bb3.29.3&#8243; global_colors_info=\u00bb{}\u00bb][et_pb_text _builder_version=\u00bb3.29.3&#8243; text_font=\u00bbArial||||||||\u00bb text_text_color=\u00bb#000000&#8243; text_font_size=\u00bb25px\u00bb text_orientation=\u00bbcenter\u00bb global_colors_info=\u00bb{}\u00bb]Conoce el camino para transformarte en un analista de datos.[\/et_pb_text][\/et_pb_column][\/et_pb_row][\/et_pb_section][et_pb_section fb_built=\u00bb1&#8243; _builder_version=\u00bb3.29.3&#8243; background_color=\u00bbrgba(0,0,0,0)\u00bb width=\u00bb100%\u00bb module_alignment=\u00bbcenter\u00bb custom_margin=\u00bb0px||0px||false|false\u00bb custom_padding=\u00bb0px||0px||false|false\u00bb border_color_all=\u00bb#f2c811&#8243; box_shadow_style=\u00bbpreset3&#8243; global_colors_info=\u00bb{}\u00bb][et_pb_row column_structure=\u00bb1_3,1_3,1_3&#8243; _builder_version=\u00bb3.29.3&#8243; width=\u00bb90%\u00bb max_width=\u00bb1300px\u00bb custom_margin=\u00bb||||false|false\u00bb custom_padding=\u00bb||||false|false\u00bb border_width_bottom=\u00bb1px\u00bb border_color_bottom=\u00bb#313131&#8243; global_colors_info=\u00bb{}\u00bb][et_pb_column type=\u00bb1_3&#8243; _builder_version=\u00bb3.29.3&#8243; global_colors_info=\u00bb{}\u00bb][et_pb_image src=\u00bbhttps:\/\/www.gdsis.cl\/capacitacion\/wp-content\/uploads\/2020\/08\/26.fw_-1-150&#215;150.png\u00bb align=\u00bbcenter\u00bb _builder_version=\u00bb3.29.3&#8243; custom_margin=\u00bb0px|0px|0px|0px|false|false\u00bb custom_margin_last_edited=\u00bboff|desktop\u00bb custom_padding=\u00bb0px||0px||false|false\u00bb global_colors_info=\u00bb{}\u00bb][\/et_pb_image][et_pb_text _builder_version=\u00bb3.29.3&#8243; text_font=\u00bbArial|700|||||||\u00bb text_text_color=\u00bb#000000&#8243; text_font_size=\u00bb22px\u00bb text_line_height=\u00bb1.8em\u00bb text_orientation=\u00bbcenter\u00bb custom_margin=\u00bb5px||5px||false|false\u00bb custom_padding=\u00bb||0px||false|false\u00bb global_colors_info=\u00bb{}\u00bb]<span>Dise\u00f1o y Desarrollo de Aplicaciones Anal\u00edticas con Qlik Sense<\/span>[\/et_pb_text][et_pb_text _builder_version=\u00bb3.29.3&#8243; text_font=\u00bbArial|700|||||||\u00bb text_text_color=\u00bb#000000&#8243; text_font_size=\u00bb18px\u00bb text_orientation=\u00bbcenter\u00bb custom_margin=\u00bb0px||||false|false\u00bb custom_padding=\u00bb0px||||false|false\u00bb global_colors_info=\u00bb{}\u00bb]40 Hrs[\/et_pb_text][\/et_pb_column][et_pb_column type=\u00bb1_3&#8243; _builder_version=\u00bb3.29.3&#8243; global_colors_info=\u00bb{}\u00bb][et_pb_text _builder_version=\u00bb3.29.3&#8243; text_font=\u00bbArial||||||||\u00bb text_text_color=\u00bb#000000&#8243; text_orientation=\u00bbjustified\u00bb custom_margin=\u00bb10px||||false|false\u00bb global_colors_info=\u00bb{}\u00bb]<\/p>\n<p><strong>Descripci\u00f3n:\u00a0<\/strong><\/p>\n<p><span>En este curso lograr\u00e1s la autonom\u00eda en el manejo de esta plataforma orientada al autoservicio a trav\u00e9s de nuestra exitosa metodolog\u00eda de ense\u00f1anza, producto de la experiencia en proyectos de inteligencia de negocio.<\/span><\/p>\n<p><strong>Modulos:<\/strong><\/p>\n<p>1.-Experiencia de Usuario<br \/> 2.-Dise\u00f1o de Visualizaciones<br \/> 3.- Gestion de Datos<\/p>\n<p>[\/et_pb_text][\/et_pb_column][et_pb_column type=\u00bb1_3&#8243; _builder_version=\u00bb3.29.3&#8243; global_colors_info=\u00bb{}\u00bb][et_pb_text _builder_version=\u00bb3.29.3&#8243; text_font=\u00bbArial|700|||||||\u00bb text_text_color=\u00bb#000000&#8243; text_font_size=\u00bb18px\u00bb text_orientation=\u00bbcenter\u00bb custom_margin=\u00bb||20px||false|false\u00bb custom_margin_tablet=\u00bb0px||0px||false|false\u00bb custom_margin_phone=\u00bb\u00bb custom_margin_last_edited=\u00bbon|desktop\u00bb global_colors_info=\u00bb{}\u00bb]Aprenderas a crear el siguiente Dashboard[\/et_pb_text][et_pb_video src=\u00bbhttps:\/\/www.gdsis.cl\/capacitacion\/wp-content\/uploads\/2020\/08\/GDSIS-Lo-que-Aprendera-en-el-Curso.mp4&#8243; _builder_version=\u00bb3.29.3&#8243; global_colors_info=\u00bb{}\u00bb][\/et_pb_video][\/et_pb_column][\/et_pb_row][et_pb_row column_structure=\u00bb1_5,1_5,1_5,1_5,1_5&#8243; _builder_version=\u00bb3.29.3&#8243; background_enable_color=\u00bboff\u00bb width=\u00bb90%\u00bb max_width=\u00bb2560px\u00bb custom_margin=\u00bb0px||0px||false|false\u00bb custom_padding=\u00bb15px||15px||false|false\u00bb global_colors_info=\u00bb{}\u00bb][et_pb_column type=\u00bb1_5&#8243; _builder_version=\u00bb3.29.3&#8243; global_colors_info=\u00bb{}\u00bb][et_pb_text _builder_version=\u00bb3.29.3&#8243; text_font=\u00bbArial|700|||||||\u00bb text_text_color=\u00bb#000000&#8243; text_orientation=\u00bbcenter\u00bb global_colors_info=\u00bb{}\u00bb]Visualizaciones[\/et_pb_text][\/et_pb_column][et_pb_column type=\u00bb1_5&#8243; _builder_version=\u00bb3.29.3&#8243; global_colors_info=\u00bb{}\u00bb][et_pb_text _builder_version=\u00bb3.29.3&#8243; text_font=\u00bbArial|700|||||||\u00bb text_text_color=\u00bb#000000&#8243; text_orientation=\u00bbcenter\u00bb global_colors_info=\u00bb{}\u00bb]Set de Analisys[\/et_pb_text][\/et_pb_column][et_pb_column type=\u00bb1_5&#8243; _builder_version=\u00bb3.29.3&#8243; global_colors_info=\u00bb{}\u00bb][et_pb_text _builder_version=\u00bb3.29.3&#8243; text_font=\u00bbArial|700|||||||\u00bb text_text_color=\u00bb#000000&#8243; text_orientation=\u00bbcenter\u00bb global_colors_info=\u00bb{}\u00bb]Motor Cognitivo[\/et_pb_text][\/et_pb_column][et_pb_column type=\u00bb1_5&#8243; _builder_version=\u00bb3.29.3&#8243; global_colors_info=\u00bb{}\u00bb][et_pb_text _builder_version=\u00bb3.29.3&#8243; text_font=\u00bbArial|700|||||||\u00bb text_text_color=\u00bb#000000&#8243; text_orientation=\u00bbcenter\u00bb global_colors_info=\u00bb{}\u00bb]Gestor de Datos[\/et_pb_text][\/et_pb_column][et_pb_column type=\u00bb1_5&#8243; _builder_version=\u00bb3.29.3&#8243; global_colors_info=\u00bb{}\u00bb][et_pb_text _builder_version=\u00bb3.29.3&#8243; text_font=\u00bbArial|700|||||||\u00bb text_text_color=\u00bb#000000&#8243; text_orientation=\u00bbcenter\u00bb global_colors_info=\u00bb{}\u00bb]Script SQL[\/et_pb_text][\/et_pb_column][\/et_pb_row][\/et_pb_section][et_pb_section fb_built=\u00bb1&#8243; _builder_version=\u00bb3.29.3&#8243; global_colors_info=\u00bb{}\u00bb][et_pb_row column_structure=\u00bb1_2,1_2&#8243; _builder_version=\u00bb3.29.3&#8243; width=\u00bb50%\u00bb width_tablet=\u00bb80%\u00bb width_phone=\u00bb\u00bb width_last_edited=\u00bbon|desktop\u00bb global_colors_info=\u00bb{}\u00bb][et_pb_column type=\u00bb1_2&#8243; _builder_version=\u00bb3.29.3&#8243; global_colors_info=\u00bb{}\u00bb][et_pb_image src=\u00bbhttps:\/\/www.gdsis.cl\/capacitacion\/wp-content\/uploads\/2020\/06\/30-150&#215;150.jpg\u00bb align=\u00bbcenter\u00bb _builder_version=\u00bb3.29.3&#8243; custom_margin=\u00bb|||0px|false|false\u00bb custom_margin_last_edited=\u00bboff|phone\u00bb global_colors_info=\u00bb{}\u00bb][\/et_pb_image][et_pb_text _builder_version=\u00bb3.29.3&#8243; text_font=\u00bbArial|700|||||||\u00bb text_text_color=\u00bb#000000&#8243; text_font_size=\u00bb30px\u00bb text_orientation=\u00bbcenter\u00bb global_colors_info=\u00bb{}\u00bb]Relator[\/et_pb_text][\/et_pb_column][et_pb_column type=\u00bb1_2&#8243; _builder_version=\u00bb3.29.3&#8243; global_colors_info=\u00bb{}\u00bb][et_pb_text _builder_version=\u00bb3.29.3&#8243; text_font=\u00bbArial|700|||||||\u00bb text_text_color=\u00bb#000000&#8243; text_font_size=\u00bb22px\u00bb custom_margin=\u00bb10px||0px||false|false\u00bb custom_margin_tablet=\u00bb0px||||false|false\u00bb custom_margin_phone=\u00bb\u00bb custom_margin_last_edited=\u00bbon|phone\u00bb global_colors_info=\u00bb{}\u00bb]Jimmy Espina[\/et_pb_text][et_pb_text _builder_version=\u00bb3.29.3&#8243; text_font=\u00bbArial|700|||||||\u00bb text_text_color=\u00bb#000000&#8243; text_font_size=\u00bb16px\u00bb custom_margin=\u00bb5px||5px||false|false\u00bb global_colors_info=\u00bb{}\u00bb]CEO Plataforma de Negocios[\/et_pb_text][et_pb_text _builder_version=\u00bb3.29.3&#8243; text_font=\u00bbArial||||||||\u00bb text_text_color=\u00bb#000000&#8243; text_font_size=\u00bb16px\u00bb text_orientation=\u00bbjustified\u00bb global_colors_info=\u00bb{}\u00bb]<\/p>\n<ul>\n<li>15 a\u00f1os de experiencia en proyectos de tecnolog\u00eda y BI.<\/li>\n<li>Arquitecto de Datos Certificado y l\u00edder de equipo.<\/li>\n<li>Experiencia Acad\u00e9mica en Universidades.<\/li>\n<\/ul>\n<p>[\/et_pb_text][\/et_pb_column][\/et_pb_row][et_pb_row column_structure=\u00bb1_5,1_5,1_5,1_5,1_5&#8243; _builder_version=\u00bb3.29.3&#8243; global_colors_info=\u00bb{}\u00bb][et_pb_column type=\u00bb1_5&#8243; _builder_version=\u00bb3.29.3&#8243; global_colors_info=\u00bb{}\u00bb][et_pb_text _builder_version=\u00bb3.29.3&#8243; text_font=\u00bbArial|700||on|||||\u00bb text_text_color=\u00bb#ffffff\u00bb text_font_size=\u00bb16px\u00bb background_color=\u00bb#6EB43F\u00bb text_orientation=\u00bbcenter\u00bb border_radii=\u00bbon|40px|40px|40px|40px\u00bb global_colors_info=\u00bb{}\u00bb]<\/p>\n<p>+1000<br \/> egresados<\/p>\n<p>[\/et_pb_text][\/et_pb_column][et_pb_column type=\u00bb1_5&#8243; _builder_version=\u00bb3.29.3&#8243; global_colors_info=\u00bb{}\u00bb][et_pb_text _builder_version=\u00bb3.29.3&#8243; text_font=\u00bbArial|700||on|||||\u00bb text_text_color=\u00bb#ffffff\u00bb text_font_size=\u00bb16px\u00bb background_color=\u00bb#6EB43F\u00bb text_orientation=\u00bbcenter\u00bb border_radii=\u00bbon|40px|40px|40px|40px\u00bb global_colors_info=\u00bb{}\u00bb]<\/p>\n<p>Experiencia<br \/> Academica<\/p>\n<p>[\/et_pb_text][\/et_pb_column][et_pb_column type=\u00bb1_5&#8243; _builder_version=\u00bb3.29.3&#8243; global_colors_info=\u00bb{}\u00bb][et_pb_text _builder_version=\u00bb3.29.3&#8243; text_font=\u00bbArial|700||on|||||\u00bb text_text_color=\u00bb#ffffff\u00bb text_font_size=\u00bb16px\u00bb background_color=\u00bb#6EB43F\u00bb text_orientation=\u00bbcenter\u00bb border_radii=\u00bbon|40px|40px|40px|40px\u00bb global_colors_info=\u00bb{}\u00bb]<\/p>\n<p>+10 a\u00f1os en<br \/> proyectos BI<\/p>\n<p>[\/et_pb_text][\/et_pb_column][et_pb_column type=\u00bb1_5&#8243; _builder_version=\u00bb3.29.3&#8243; global_colors_info=\u00bb{}\u00bb][et_pb_text _builder_version=\u00bb3.29.3&#8243; text_font=\u00bbArial|700||on|||||\u00bb text_text_color=\u00bb#ffffff\u00bb text_font_size=\u00bb16px\u00bb background_color=\u00bb#6EB43F\u00bb text_orientation=\u00bbcenter\u00bb border_radii=\u00bbon|40px|40px|40px|40px\u00bb global_colors_info=\u00bb{}\u00bb]<\/p>\n<p>Franquicia<br \/> Sence<\/p>\n<p>[\/et_pb_text][\/et_pb_column][et_pb_column type=\u00bb1_5&#8243; _builder_version=\u00bb3.29.3&#8243; global_colors_info=\u00bb{}\u00bb][et_pb_text _builder_version=\u00bb3.29.3&#8243; text_font=\u00bbArial|700||on|||||\u00bb text_text_color=\u00bb#ffffff\u00bb text_font_size=\u00bb16px\u00bb background_color=\u00bb#6EB43F\u00bb text_orientation=\u00bbcenter\u00bb border_radii=\u00bbon|40px|40px|40px|40px\u00bb global_colors_info=\u00bb{}\u00bb]<\/p>\n<p>Diurno y<br \/> Vespertino<\/p>\n<p>[\/et_pb_text][\/et_pb_column][\/et_pb_row][\/et_pb_section][et_pb_section fb_built=\u00bb1&#8243; module_id=\u00bbcontacto\u00bb _builder_version=\u00bb3.29.3&#8243; custom_margin=\u00bb||||false|false\u00bb custom_padding=\u00bb0px||||false|false\u00bb global_colors_info=\u00bb{}\u00bb][et_pb_row _builder_version=\u00bb3.29.3&#8243; global_colors_info=\u00bb{}\u00bb][et_pb_column type=\u00bb4_4&#8243; _builder_version=\u00bb3.29.3&#8243; global_colors_info=\u00bb{}\u00bb][et_pb_text _builder_version=\u00bb4.9.11&#8243; text_font=\u00bbArial|700|||||||\u00bb text_text_color=\u00bb#000000&#8243; text_font_size=\u00bb30px\u00bb text_line_height=\u00bb1.8em\u00bb text_orientation=\u00bbcenter\u00bb global_colors_info=\u00bb{}\u00bb]<\/p>\n<p>Escr\u00edbenos y nos comunicaremos contigo<\/p>\n<p>[\/et_pb_text][\/et_pb_column][\/et_pb_row][et_pb_row use_custom_gutter=\u00bbon\u00bb gutter_width=\u00bb2&#8243; make_equal=\u00bbon\u00bb _builder_version=\u00bb4.9.11&#8243; background_color=\u00bbRGBA(0,0,0,0)\u00bb background_size=\u00bbinitial\u00bb background_position=\u00bbtop_left\u00bb background_repeat=\u00bbrepeat\u00bb width=\u00bb50%\u00bb width_tablet=\u00bb80%\u00bb width_phone=\u00bb\u00bb width_last_edited=\u00bbon|phone\u00bb module_alignment=\u00bbcenter\u00bb custom_margin=\u00bb0px||0px||false|false\u00bb custom_padding=\u00bb0px||0%||false|false\u00bb animation_style=\u00bbzoom\u00bb border_color_all=\u00bbRGBA(0,0,0,0)\u00bb border_style_all=\u00bbnone\u00bb global_colors_info=\u00bb{}\u00bb box_shadow_style=\u00bbpreset1&#8243; box_shadow_vertical=\u00bb35px\u00bb min_height=\u00bb1610.1px\u00bb box_shadow_color=\u00bbrgba(0,0,0,0.29)\u00bb hover_enabled=\u00bb0&#8243; sticky_enabled=\u00bb0&#8243;][et_pb_column type=\u00bb4_4&#8243; _builder_version=\u00bb3.29.3&#8243; background_color=\u00bb#ffffff\u00bb background_position=\u00bbtop_left\u00bb custom_padding=\u00bb50px|40px|50px|40px\u00bb border_radii=\u00bbon|30px|30px|30px|30px\u00bb box_shadow_style=\u00bbpreset1&#8243; global_colors_info=\u00bb{}\u00bb custom_padding__hover=\u00bb|||\u00bb][et_pb_code _builder_version=\u00bb4.9.11&#8243; _module_preset=\u00bbdefault\u00bb custom_padding=\u00bb||33px|||\u00bb global_colors_info=\u00bb{}\u00bb custom_margin=\u00bb-30px|||||\u00bb min_height=\u00bb1076px\u00bb]<iframe loading=\"lazy\" src=\"https:\/\/docs.google.com\/forms\/d\/e\/1FAIpQLSd-0ZbyeThaVLZKIxb6-0e_vyXMJLwTfXZ8oZzX4OredV3WuA\/viewform?embedded=true\" width=\"100%\" height=\"1100\" frameborder=\"0\" marginheight=\"0\" marginwidth=\"0\">Cargando\u2026<\/iframe>[\/et_pb_code][et_pb_text admin_label=\u00bbContact US Text\u00bb _builder_version=\u00bb4.9.11&#8243; text_font=\u00bbArial||||||||\u00bb text_text_color=\u00bb#000000&#8243; text_font_size=\u00bb16px\u00bb text_line_height=\u00bb1.8em\u00bb header_font=\u00bb||||\u00bb header_text_color=\u00bb#1f1f1f\u00bb custom_margin=\u00bb0px||40px||false|false\u00bb custom_padding=\u00bb0px|0px|0px|0px\u00bb animation_style=\u00bbfold\u00bb animation_direction=\u00bbbottom\u00bb animation_intensity_fold=\u00bb20%\u00bb global_colors_info=\u00bb{}\u00bb min_height=\u00bb73px\u00bb]<\/p>\n<p style=\"text-align: justify;\">Otros canales disponibles para m\u00e1s informaci\u00f3n o claridad de nuestros cursos y capacitaciones, cont\u00e1ctanos en:<\/p>\n<p>[\/et_pb_text][et_pb_blurb use_icon=\u00bbon\u00bb font_icon=\u00bb%%249%%\u00bb icon_color=\u00bb#6EB43F\u00bb icon_placement=\u00bbleft\u00bb use_icon_font_size=\u00bbon\u00bb icon_font_size=\u00bb28px\u00bb icon_font_size_last_edited=\u00bboff|desktop\u00bb admin_label=\u00bbAddress\u00bb _builder_version=\u00bb4.9.11&#8243; header_font=\u00bbArial||||||||\u00bb body_font=\u00bbArial||||||||\u00bb body_text_color=\u00bb#000000&#8243; body_font_size=\u00bb16px\u00bb custom_margin=\u00bb|||\u00bb animation_style=\u00bbfold\u00bb animation_direction=\u00bbbottom\u00bb animation_intensity_fold=\u00bb20%\u00bb global_colors_info=\u00bb{}\u00bb]<\/p>\n<p>San Sebasti\u00e1n 2839 Oficina 305,Las Condes<\/p>\n<p>[\/et_pb_blurb][et_pb_blurb use_icon=\u00bbon\u00bb font_icon=\u00bb%%264%%\u00bb icon_color=\u00bb#6EB43F\u00bb icon_placement=\u00bbleft\u00bb use_icon_font_size=\u00bbon\u00bb icon_font_size=\u00bb28px\u00bb icon_font_size_last_edited=\u00bboff|desktop\u00bb _builder_version=\u00bb3.29.3&#8243; body_font=\u00bbArial||||||||\u00bb body_text_color=\u00bb#000000&#8243; body_font_size=\u00bb16px\u00bb custom_margin=\u00bb|||\u00bb animation_style=\u00bbfold\u00bb animation_direction=\u00bbbottom\u00bb animation_intensity_fold=\u00bb20%\u00bb global_colors_info=\u00bb{}\u00bb](569) &#8211; 92379810[\/et_pb_blurb][et_pb_blurb use_icon=\u00bbon\u00bb font_icon=\u00bb%%104%%\u00bb icon_color=\u00bb#6EB43F\u00bb icon_placement=\u00bbleft\u00bb use_icon_font_size=\u00bbon\u00bb icon_font_size=\u00bb28px\u00bb icon_font_size_last_edited=\u00bboff|desktop\u00bb _builder_version=\u00bb3.29.3&#8243; body_font=\u00bbArial||||||||\u00bb body_text_color=\u00bb#000000&#8243; body_font_size=\u00bb16px\u00bb custom_margin=\u00bb|||\u00bb animation_style=\u00bbfold\u00bb animation_direction=\u00bbbottom\u00bb animation_intensity_fold=\u00bb20%\u00bb global_colors_info=\u00bb{}\u00bb](562) \u2013 22221597[\/et_pb_blurb][et_pb_blurb use_icon=\u00bbon\u00bb font_icon=\u00bb%%375%%\u00bb icon_color=\u00bb#6EB43F\u00bb icon_placement=\u00bbleft\u00bb use_icon_font_size=\u00bbon\u00bb icon_font_size=\u00bb28px\u00bb icon_font_size_last_edited=\u00bboff|desktop\u00bb _builder_version=\u00bb3.29.3&#8243; body_font=\u00bbArial||||||||\u00bb body_text_color=\u00bb#000000&#8243; body_font_size=\u00bb16px\u00bb custom_margin=\u00bb|||\u00bb animation_style=\u00bbfold\u00bb animation_direction=\u00bbbottom\u00bb animation_intensity_fold=\u00bb20%\u00bb global_colors_info=\u00bb{}\u00bb](569) &#8211; 92379810[\/et_pb_blurb][et_pb_blurb use_icon=\u00bbon\u00bb font_icon=\u00bb%%238%%\u00bb icon_color=\u00bb#6EB43F\u00bb icon_placement=\u00bbleft\u00bb use_icon_font_size=\u00bbon\u00bb icon_font_size=\u00bb28px\u00bb icon_font_size_last_edited=\u00bboff|desktop\u00bb admin_label=\u00bbEmail\u00bb _builder_version=\u00bb3.29.3&#8243; body_font=\u00bbArial|700|||||||\u00bb body_text_color=\u00bb#000000&#8243; body_font_size=\u00bb16px\u00bb custom_margin=\u00bb|||\u00bb animation_style=\u00bbfold\u00bb animation_direction=\u00bbbottom\u00bb animation_intensity_fold=\u00bb20%\u00bb global_colors_info=\u00bb{}\u00bb]<span style=\"color: #000000;\"><a href=\"mailto:info@gdsis.cl\" style=\"color: #000000;\">info@gdsis.cl<\/a><\/span>[\/et_pb_blurb][\/et_pb_column][\/et_pb_row][\/et_pb_section]<\/p>\n","protected":false},"excerpt":{"rendered":"<p>Cursos Qlik SenseModalidad OnlinePlataforma de video conferencia con relator en vivoInteraccion directa con relator por chat, microfono y\/o video. Ademas de contar con herramienta de dibujo, pantalla compartida y APP movil.Plataforma de Aprendizaje en lineaAcceso web al material de apoyo al curso: guias de estudio, actividades interactivas y archivos para la practica.Asistentes y Soporte Tecnico [&hellip;]<\/p>\n","protected":false},"author":1,"featured_media":0,"parent":0,"menu_order":0,"comment_status":"closed","ping_status":"closed","template":"","meta":{"_et_pb_use_builder":"on","_et_pb_old_content":"","_et_gb_content_width":""},"_links":{"self":[{"href":"https:\/\/www.gdsis.cl\/capacitacion\/wp-json\/wp\/v2\/pages\/1164"}],"collection":[{"href":"https:\/\/www.gdsis.cl\/capacitacion\/wp-json\/wp\/v2\/pages"}],"about":[{"href":"https:\/\/www.gdsis.cl\/capacitacion\/wp-json\/wp\/v2\/types\/page"}],"author":[{"embeddable":true,"href":"https:\/\/www.gdsis.cl\/capacitacion\/wp-json\/wp\/v2\/users\/1"}],"replies":[{"embeddable":true,"href":"https:\/\/www.gdsis.cl\/capacitacion\/wp-json\/wp\/v2\/comments?post=1164"}],"version-history":[{"count":18,"href":"https:\/\/www.gdsis.cl\/capacitacion\/wp-json\/wp\/v2\/pages\/1164\/revisions"}],"predecessor-version":[{"id":1293,"href":"https:\/\/www.gdsis.cl\/capacitacion\/wp-json\/wp\/v2\/pages\/1164\/revisions\/1293"}],"wp:attachment":[{"href":"https:\/\/www.gdsis.cl\/capacitacion\/wp-json\/wp\/v2\/media?parent=1164"}],"curies":[{"name":"wp","href":"https:\/\/api.w.org\/{rel}","templated":true}]}}